{"id":85,"date":"2023-02-15T21:12:40","date_gmt":"2023-02-15T21:12:40","guid":{"rendered":"https:\/\/www.waldbaden-einfachsein.ch\/?page_id=85"},"modified":"2024-09-27T16:58:00","modified_gmt":"2024-09-27T16:58:00","slug":"diverses","status":"publish","type":"page","link":"https:\/\/www.waldbaden-einfachsein.ch\/?page_id=85","title":{"rendered":"AGB"},"content":{"rendered":"<p style=\"text-align: center;\"><img loading=\"lazy\" decoding=\"async\" class=\"alignnone size-thumbnail wp-image-290 aligncenter\" src=\"https:\/\/www.waldbaden-einfachsein.ch\/wp-content\/uploads\/2023\/03\/IMG_9351-1-150x150.jpg\" alt=\"\" width=\"150\" height=\"150\" \/><strong><span style=\"color: #008000;\">Waldbaden einfach sein<\/span><\/strong><\/p>\n<p><strong><span style=\"color: #008000;\">Allgemeine Gesch\u00e4ftsbedingungen<\/span><\/strong><\/p>\n<p><strong><span style=\"color: #008000;\">Anmeldung<br \/>\n<\/span><\/strong><span style=\"color: #008000;\">Die Anmeldung ist verbindlich und kann<\/span><span style=\"color: #008000;\"> per E-Mail<br \/>\noder telefonisch erfolgen.<\/span><span style=\"color: #008000;\"><br \/>\n<\/span><span style=\"color: #008000;\">Nach Eingang der Anmeldung erhalten\u00a0<\/span><span style=\"color: #008000;\"><span style=\"caret-color: #008000;\">Kursteilnehmende eine schriftliche Anmeldebest\u00e4tigung und Rechnung. Gleichzeitig wird eine vorg\u00e4ngige Bezahlung f\u00e4llig.<br \/>\nDas heisst, der Betrag ist sp\u00e4testens 30 Tage nach Erhalt der Rechnung auf das Konto der Anbieterin einzuzahlen.<br \/>\nBarzahlung ist nur ausnahmsweise sowie\u00a0vorg\u00e4ngiger Abmachung und nur bei Schnupperkursen m\u00f6glich.<br \/>\nDer Anmeldung liegt ein Formular der Gesundheitsdeklaration bei. Dies dient dazu, dass bei allf\u00e4lligen Beschwerden die Veranstaltung bereits im Voraus angepasst werden kann.<br \/>\nDieses auszuf\u00fcllen und somit die Kursleiterin zu informieren liegt in der Verantwortung des Teilnehmenden.<\/p>\n<p><\/span><\/span><strong><span style=\"color: #008000;\">Absage Schnupperkurse \/ Halbtageskurse \/ Abos<\/span><\/strong><br \/>\n<span style=\"color: #008000;\">Bei Absage durch Teilnehmende ab 10 Werktage vor Kursbeginn, erfolgt eine R\u00fcckzahlung von 50%.<br \/>\nErfolgt eine Absage erst ab dem 3.Werktag vor Kursbeginn oder bei Nichterscheinen, ist das ganze Kursgeld zu entrichten.<br \/>\nBei vorzeitigem Verlassen des Kurses auf Grund von nicht gefallen oder pers\u00f6nlicher Motivation, besteht kein Anrecht auf eine R\u00fcckzahlung des Kursgeldes.<\/span><\/p>\n<p><span style=\"color: #008000;\"><strong>Absage durch die Anbieterin<\/strong><\/span><br \/>\n<span style=\"color: #008000;\">Die Anbieterin beh\u00e4lt sich vor, den Kursort zu wechseln und unter folgenden Umst\u00e4nden eine Veranstaltung abzusagen.<br \/>\nDies bei Schlechtwetterprognosen wie:<br \/>\n<\/span><span style=\"color: #008000;\">&#8211; Sturm, Hagel, Gewitter<br \/>\n&#8211; Beh\u00f6rdliche Massnahmen<br \/>\n&#8211; Erkrankung, Unfall und ausserordentliche Situationen<br \/>\nder Kursanbieterin.<br \/>\nTeilnehmende k\u00f6nnen in diesem Fall w\u00e4hlen, zwischen einem Ersatzdatum oder einer vollumf\u00e4nglichen R\u00fcckzahlung der Kurskosten.<\/span><\/p>\n<p><span style=\"color: #008000;\"><strong>Versicherung<br \/>\n<\/strong>Die Versicherung ist ausschliesslich Sache der Teilnehmenden.<br \/>\nEs besteht keinerlei Haftung bei allf\u00e4lligen Unf\u00e4llen, Krankheiten und sonstigen Umst\u00e4nden.<br \/>\nWeiter bestehen seitens der Anbieterin keine Haftung f\u00fcr mitgef\u00fchrte Gegenst\u00e4nden und Wertsachen aller Art.<\/span><\/p>\n<p><span style=\"color: #008000;\"><span style=\"caret-color: #008000;\"><b>Kursangebot und Preise<br \/>\n<\/b>Die Anbieterin beh\u00e4lt sich vor, Angebot und Preise zu \u00e4ndern oder anzupassen.<\/span><\/span><\/p>\n","protected":false},"excerpt":{"rendered":"<p>Waldbaden einfach sein Allgemeine Gesch\u00e4ftsbedingungen Anmeldung Die Anmeldung ist verbindlich und kann per E-Mail oder telefonisch erfolgen. Nach Eingang der Anmeldung erhalten\u00a0Kursteilnehmende eine schriftliche Anmeldebest\u00e4tigung und Rechnung. Gleichzeitig wird eine vorg\u00e4ngige Bezahlung f\u00e4llig. Das heisst, der Betrag ist sp\u00e4testens 30 Tage nach Erhalt der Rechnung auf das Konto der Anbieterin einzuzahlen. Barzahlung ist nur ausnahmsweise [&hellip;]<\/p>\n","protected":false},"author":1,"featured_media":0,"parent":0,"menu_order":0,"comment_status":"closed","ping_status":"closed","template":"","meta":{"footnotes":""},"class_list":["post-85","page","type-page","status-publish","hentry"],"_links":{"self":[{"href":"https:\/\/www.waldbaden-einfachsein.ch\/index.php?rest_route=\/wp\/v2\/pages\/85","targetHints":{"allow":["GET"]}}],"collection":[{"href":"https:\/\/www.waldbaden-einfachsein.ch\/index.php?rest_route=\/wp\/v2\/pages"}],"about":[{"href":"https:\/\/www.waldbaden-einfachsein.ch\/index.php?rest_route=\/wp\/v2\/types\/page"}],"author":[{"embeddable":true,"href":"https:\/\/www.waldbaden-einfachsein.ch\/index.php?rest_route=\/wp\/v2\/users\/1"}],"replies":[{"embeddable":true,"href":"https:\/\/www.waldbaden-einfachsein.ch\/index.php?rest_route=%2Fwp%2Fv2%2Fcomments&post=85"}],"version-history":[{"count":29,"href":"https:\/\/www.waldbaden-einfachsein.ch\/index.php?rest_route=\/wp\/v2\/pages\/85\/revisions"}],"predecessor-version":[{"id":581,"href":"https:\/\/www.waldbaden-einfachsein.ch\/index.php?rest_route=\/wp\/v2\/pages\/85\/revisions\/581"}],"wp:attachment":[{"href":"https:\/\/www.waldbaden-einfachsein.ch\/index.php?rest_route=%2Fwp%2Fv2%2Fmedia&parent=85"}],"curies":[{"name":"wp","href":"https:\/\/api.w.org\/{rel}","templated":true}]}}